{"id":229936,"date":"2021-07-23T15:57:32","date_gmt":"2021-07-23T13:57:32","guid":{"rendered":"https:\/\/www.thetra.nl\/online\/?page_id=229936"},"modified":"2025-01-17T14:10:15","modified_gmt":"2025-01-17T13:10:15","slug":"betalingsvoorwaarden-msk-arts","status":"publish","type":"page","link":"https:\/\/www.thetra.nl\/online\/betalingsvoorwaarden-msk-arts\/","title":{"rendered":"Betalingsvoorwaarden MSK-arts"},"content":{"rendered":"<p>[et_pb_section fb_built=&#8221;1&#8243; fullwidth=&#8221;on&#8221; _builder_version=&#8221;4.16&#8243; _module_preset=&#8221;default&#8221; background_color=&#8221;#3C1874&#8243; background_image=&#8221;https:\/\/www.thetra.nl\/online\/wp-content\/uploads\/2021\/06\/istockphoto-1056215682-612&#215;612-1.jpg&#8221; module_alignment=&#8221;left&#8221; top_divider_color=&#8221;#F3F3F3&#8243; top_divider_height=&#8221;33px&#8221; top_divider_flip=&#8221;horizontal&#8221; global_colors_info=&#8221;{}&#8221;][et_pb_fullwidth_header title=&#8221;Betalingsvoorwaarden &#8221; text_orientation=&#8221;center&#8221; header_scroll_down=&#8221;on&#8221; scroll_down_icon=&#8221;%%1%%&#8221; scroll_down_icon_size=&#8221;36px&#8221; background_overlay_color=&#8221;rgba(60,24,116,0.79)&#8221; _builder_version=&#8221;4.16&#8243; _module_preset=&#8221;default&#8221; title_level=&#8221;h4&#8243; title_font=&#8221;Raleway|600||on|||||&#8221; title_font_size=&#8221;38px&#8221; title_line_height=&#8221;1.3em&#8221; content_font=&#8221;|300|||||||&#8221; content_font_size=&#8221;18px&#8221; content_letter_spacing=&#8221;1px&#8221; content_line_height=&#8221;2em&#8221; background_color=&#8221;#3C1874&#8243; background_image=&#8221;https:\/\/www.thetra.nl\/online\/wp-content\/uploads\/2021\/07\/Chiropractic.jpg&#8221; min_height=&#8221;299.6px&#8221; custom_margin=&#8221;||0px|||&#8221; custom_padding=&#8221;||84px|||&#8221; global_colors_info=&#8221;{}&#8221;]<\/p>\n<p>MSK-arts THETRA<\/p>\n<p>[\/et_pb_fullwidth_header][\/et_pb_section][et_pb_section fb_built=&#8221;1&#8243; admin_label=&#8221;My Skills Section&#8221; _builder_version=&#8221;4.16&#8243; background_color=&#8221;#F3F3F3&#8243; custom_padding=&#8221;39px||90px|||&#8221; global_colors_info=&#8221;{}&#8221;][et_pb_row _builder_version=&#8221;4.16&#8243; _module_preset=&#8221;default&#8221; global_colors_info=&#8221;{}&#8221;][et_pb_column type=&#8221;4_4&#8243; _builder_version=&#8221;4.16&#8243; _module_preset=&#8221;default&#8221; global_colors_info=&#8221;{}&#8221;][et_pb_text _builder_version=&#8221;4.16&#8243; _module_preset=&#8221;default&#8221; global_colors_info=&#8221;{}&#8221;]<\/p>\n<p>De betalingsvoorwaarden van de MSK-arts Thetra maken deel uit van de behandelovereenkomst tussen u als cli\u00ebnt en de MSK-arts. De volgende regels worden in acht genomen:<\/p>\n<p>[\/et_pb_text][\/et_pb_column][\/et_pb_row][et_pb_row _builder_version=&#8221;4.16&#8243; _module_preset=&#8221;default&#8221; global_colors_info=&#8221;{}&#8221;][et_pb_column type=&#8221;4_4&#8243; _builder_version=&#8221;4.16&#8243; _module_preset=&#8221;default&#8221; global_colors_info=&#8221;{}&#8221;][et_pb_toggle title=&#8221;Betaling&#8221; open_toggle_text_color=&#8221;#FF6600&#8243; icon_color=&#8221;#FF6600&#8243; open_icon_color=&#8221;#FF6600&#8243; _builder_version=&#8221;4.27.4&#8243; _module_preset=&#8221;default&#8221; title_text_color=&#8221;#FF6600&#8243; title_level=&#8221;h3&#8243; global_colors_info=&#8221;{}&#8221;]<\/p>\n<p>De cli\u00ebnt is onder alle omstandigheden verantwoordelijk voor de volledige betaling van de aan cli\u00ebnt of namens cli\u00ebnt verleende diensten.<\/p>\n<p>&nbsp;<\/p>\n<p>[\/et_pb_toggle][et_pb_toggle title=&#8221;Annulering&#8221; open_toggle_text_color=&#8221;#FF6600&#8243; icon_color=&#8221;#FF6600&#8243; open_icon_color=&#8221;#FF6600&#8243; _builder_version=&#8221;4.16&#8243; _module_preset=&#8221;default&#8221; title_text_color=&#8221;#FF6600&#8243; title_level=&#8221;h3&#8243; global_colors_info=&#8221;{}&#8221;]<\/p>\n<p>Indien u bij verhindering tenminste 24 uur van tevoren afzegt, wordt de gereserveerde tijd niet in rekening gebracht.<\/p>\n<p>&nbsp;<\/p>\n<p>[\/et_pb_toggle][et_pb_toggle title=&#8221;Vergoeding&#8221; open_toggle_text_color=&#8221;#FF6600&#8243; icon_color=&#8221;#FF6600&#8243; open_icon_color=&#8221;#FF6600&#8243; _builder_version=&#8221;4.27.4&#8243; _module_preset=&#8221;default&#8221; title_text_color=&#8221;#FF6600&#8243; title_level=&#8221;h3&#8243; global_colors_info=&#8221;{}&#8221;]<\/p>\n<p>De factuur dient door de cli\u00ebnt betaald te worden aan de msk-arts.\u00a0<\/p>\n<p>&nbsp;<\/p>\n<p>[\/et_pb_toggle][et_pb_toggle title=&#8221;De factuur&#8221; open_toggle_text_color=&#8221;#FF6600&#8243; icon_color=&#8221;#FF6600&#8243; open_icon_color=&#8221;#FF6600&#8243; _builder_version=&#8221;4.27.4&#8243; _module_preset=&#8221;default&#8221; title_text_color=&#8221;#FF6600&#8243; title_level=&#8221;h3&#8243; global_colors_info=&#8221;{}&#8221;]<\/p>\n<p>De cli\u00ebnt wordt geacht de factuur direct te voldoen na de behandeling, danwel uiterlijk binnen 14 dagen.<\/p>\n<p>&nbsp;<\/p>\n<p>[\/et_pb_toggle][et_pb_toggle title=&#8221;Betalingsherinnering&#8221; open_toggle_text_color=&#8221;#FF6600&#8243; icon_color=&#8221;#FF6600&#8243; open_icon_color=&#8221;#FF6600&#8243; _builder_version=&#8221;4.16&#8243; _module_preset=&#8221;default&#8221; title_text_color=&#8221;#FF6600&#8243; title_level=&#8221;h3&#8243; global_colors_info=&#8221;{}&#8221;]<\/p>\n<p>Indien de factuur niet binnen 30 dagen na factuurdatum is voldaan, treedt het verzuim van de cli\u00ebnt zonder ingebrekestelling in. Vanaf dat moment is de cli\u00ebnt een rente verschuldigd van 1% per maand of een gedeelte daarvan. Thetra verstuurt vervolgens een eerste betalingsherinnering aan de cli\u00ebnt.<\/p>\n<p>&nbsp;<\/p>\n<p>[\/et_pb_toggle][et_pb_toggle title=&#8221;2e Betalingsherinnering&#8221; open_toggle_text_color=&#8221;#FF6600&#8243; icon_color=&#8221;#FF6600&#8243; open_icon_color=&#8221;#FF6600&#8243; _builder_version=&#8221;4.16&#8243; _module_preset=&#8221;default&#8221; title_text_color=&#8221;#FF6600&#8243; title_level=&#8221;h3&#8243; global_colors_info=&#8221;{}&#8221;]<\/p>\n<p>Indien betaling van de factuur niet binnen 14 dagen na datum van en volgens de eerste betalingsherinnering heeft plaatsgevonden, verstuurt Thetra een tweede betalingsherinnering voor het factuurbedrag en brengt een bedrag van EUR 5,00 exclusief BTW aan herinneringskosten in rekening.<\/p>\n<p>&nbsp;<\/p>\n<p>[\/et_pb_toggle][et_pb_toggle title=&#8221;Incasso&#8221; open_toggle_text_color=&#8221;#FF6600&#8243; icon_color=&#8221;#FF6600&#8243; open_icon_color=&#8221;#FF6600&#8243; _builder_version=&#8221;4.16&#8243; _module_preset=&#8221;default&#8221; title_text_color=&#8221;#FF6600&#8243; title_level=&#8221;h3&#8243; global_colors_info=&#8221;{}&#8221;]<\/p>\n<p>Indien betaling van de factuur niet binnen 14 werkdagen na datum van en volgens de tweede betalingsherinnering heeft plaatsgevonden, is Thetra gerechtigd incassomaatregelen te (doen) nemen.<\/p>\n<p>&nbsp;<\/p>\n<p>[\/et_pb_toggle][et_pb_toggle title=&#8221;Incassokosten&#8221; open_toggle_text_color=&#8221;#FF6600&#8243; icon_color=&#8221;#FF6600&#8243; open_icon_color=&#8221;#FF6600&#8243; _builder_version=&#8221;4.16&#8243; _module_preset=&#8221;default&#8221; title_text_color=&#8221;#FF6600&#8243; title_level=&#8221;h3&#8243; global_colors_info=&#8221;{}&#8221;]<\/p>\n<p>Alle (buiten)gerechtelijke kosten die verband houden met de inning van de kosten van de behandeling, komen voor rekening van de pati\u00ebnt. De buitengerechtelijke incassokosten zijn vastgesteld op tenminste 15% van het factuurbedrag met een minimum van EUR 40 exclusief BTW. Indien de buitengerechtelijke incassokosten het vastgestelde bedrag overschrijden, komen deze buitengerechtelijke incassokosten eveneens voor rekening van de pati\u00ebnt.<\/p>\n<p>[\/et_pb_toggle][\/et_pb_column][\/et_pb_row][et_pb_row column_structure=&#8221;1_2,1_2&#8243; _builder_version=&#8221;4.16&#8243; _module_preset=&#8221;default&#8221; global_colors_info=&#8221;{}&#8221;][et_pb_column type=&#8221;1_2&#8243; _builder_version=&#8221;4.16&#8243; _module_preset=&#8221;default&#8221; global_colors_info=&#8221;{}&#8221;][\/et_pb_column][et_pb_column type=&#8221;1_2&#8243; _builder_version=&#8221;4.16&#8243; _module_preset=&#8221;default&#8221; global_colors_info=&#8221;{}&#8221;][\/et_pb_column][\/et_pb_row][\/et_pb_section]<\/p>\n","protected":false},"excerpt":{"rendered":"<p>MSK-arts THETRADe betalingsvoorwaarden van de MSK-arts Thetra maken deel uit van de behandelovereenkomst tussen u als cli\u00ebnt en de MSK-arts. De volgende regels worden in acht genomen:De cli\u00ebnt is onder alle omstandigheden verantwoordelijk voor de volledige betaling van de aan cli\u00ebnt of namens cli\u00ebnt verleende diensten. &nbsp;Indien u bij verhindering tenminste 24 uur van tevoren [&hellip;]<\/p>\n","protected":false},"author":1,"featured_media":0,"parent":0,"menu_order":0,"comment_status":"closed","ping_status":"closed","template":"","meta":{"_et_pb_use_builder":"on","_et_pb_old_content":"","_et_gb_content_width":"","footnotes":""},"class_list":["post-229936","page","type-page","status-publish","hentry"],"_links":{"self":[{"href":"https:\/\/www.thetra.nl\/online\/wp-json\/wp\/v2\/pages\/229936","targetHints":{"allow":["GET"]}}],"collection":[{"href":"https:\/\/www.thetra.nl\/online\/wp-json\/wp\/v2\/pages"}],"about":[{"href":"https:\/\/www.thetra.nl\/online\/wp-json\/wp\/v2\/types\/page"}],"author":[{"embeddable":true,"href":"https:\/\/www.thetra.nl\/online\/wp-json\/wp\/v2\/users\/1"}],"replies":[{"embeddable":true,"href":"https:\/\/www.thetra.nl\/online\/wp-json\/wp\/v2\/comments?post=229936"}],"version-history":[{"count":10,"href":"https:\/\/www.thetra.nl\/online\/wp-json\/wp\/v2\/pages\/229936\/revisions"}],"predecessor-version":[{"id":231010,"href":"https:\/\/www.thetra.nl\/online\/wp-json\/wp\/v2\/pages\/229936\/revisions\/231010"}],"wp:attachment":[{"href":"https:\/\/www.thetra.nl\/online\/wp-json\/wp\/v2\/media?parent=229936"}],"curies":[{"name":"wp","href":"https:\/\/api.w.org\/{rel}","templated":true}]}}